{"id":85111,"date":"2025-02-06T12:50:11","date_gmt":"2025-02-06T11:50:11","guid":{"rendered":"https:\/\/romainfroquet.fr\/?page_id=85111"},"modified":"2025-02-06T12:50:11","modified_gmt":"2025-02-06T11:50:11","slug":"inscription-newsletter","status":"publish","type":"page","link":"https:\/\/romainfroquet.fr\/index.php\/inscription-newsletter\/","title":{"rendered":"Inscription Newsletter"},"content":{"rendered":"<p><!-- AT Popup 2025 BEGIN -->\n<link href=\"\/\/cdn-media.web-view.net\/popups\/style\/v1\/main_combined.css?v=2.0.9167.26246\" rel=\"stylesheet\" type=\"text\/css\" \/>\n<div id=\"_atPopupSU\" class=\"shown\">\n<div class=\"bl-template row-fluid bl-content-removable popup-dir-ltr\" id=\"template-body\" data-page-width=\"750\" data-new-from-template=\"false\">     <!-- BEGIN TEMPLATE OUTER -->     <\/p>\n<div class=\"bl-template-main-wrapper span12\" id=\"bl_0\" valign=\"top\">        <!-- BEGIN TEMPLATE MARGIN (Outside Margin - Padding) -->        <\/p>\n<div class=\"bl-template-margin span12\" id=\"bl_1\" valign=\"top\">            <!-- BEGIN TEMPLATE WRAPPER (Background) -->            <\/p>\n<div class=\"template-main-table bl-template-background span12\" id=\"bl_2\" valign=\"top\">                <!-- BEGIN TEMPLATE CONTAINER (Border, Inner Padding) -->                <\/p>\n<div class=\"bl-template-border span12\" id=\"bl_3\" valign=\"top\">                    <!-- BEGIN ZONES CONTAINER -->                    <!--zone-marked-->                    <\/p>\n<div class=\"bl-zone bl-zone-dropable bl-zone-body row-fluid\" id=\"bl_4\" style=\"margin-top: 0px !important; background-color: transparent;\" name=\"BodyZone\" valign=\"top\" height=\"\">\n<div class=\"bl-block bl-block-signuptextpage\" id=\"bl_5\" blocktype=\"signuptextpage\" name=\"signuptextpage\" style=\"width: 650px;\">\n<div class=\"bl-block-content\" contenteditable=\"false\">\n<div>\n<div class=\"bl-block-content-table bl-block-dir-ltr span12\">\n<div class=\"bl-block-content-row bl-block-content-first-row bl-block-content-last-row span12\" style=\"background-color: #ffffff;\">\n<div class=\"bl-block-content-row-inner span12\" style=\"padding: 24px;\">\n<div class=\"bl-block-content-column bl-block-content-new-column span12\">\n<div class=\"bl-padding-columns bl-content-wrapper span12\">\n<div class=\"bl-signup-container span12 offset0\" at-form-width=\"12\" style=\"background-color: #ffffff; border: 2px solid #ffffff; border-radius: 5px; padding: 8px;\">\n<div class=\"bl-block-content-item bl-block-content-item-text bl-block-content-item-title\" data-gramm=\"false\"><span style=\"font-family:'Montserrat';\"><span style=\"color:#000000;\"><span style=\"font-size:26px;\"><b>Inscription Newsletter<\/b><\/span><\/span><\/span><\/div>\n<div data-is-auto-fill=\"true\" class=\"bl-block-content-item bl-block-content-item-signupfieldpage bl-content-item-unremovable fields-left\" style=\"text-align:center;\"><label for=\"sf-Email0\" data-field-source=\"accessibility-label\" style=\"visibility: hidden;height: 0;width:0;position: absolute;\">Email<\/label><input maxlength=\"50\" class=\"signup-field span12 first-input\" readonly=\"readonly\" data-field-type=\"email\" data-field-source=\"Email\" data-mandatory=\"true\" placeholder=\"Adresse Email*\" data-field-validation-msg=\"Ceci n'est pas une valeur valide\" style=\"font-size: 12px; margin-bottom: 15px; height: 40px; line-height: 12px; font-family: Montserrat; text-align: left;\" type=\"text\" id=\"sf-Email0\"><label for=\"sf-FirstName1\" data-field-source=\"accessibility-label\" style=\"visibility: hidden;height: 0;width:0;position: absolute;\">FirstName<\/label><input maxlength=\"50\" class=\"signup-field span12\" readonly=\"readonly\" data-field-type=\"text\" data-field-source=\"FirstName\" data-mandatory=\"false\" placeholder=\"Pr\u00e9nom\" data-field-validation-msg=\"Ceci n'est pas une valeur valide\" style=\"font-size: 12px; margin-bottom: 15px; height: 40px; line-height: 12px; font-family: Montserrat; text-align: left;\" type=\"text\" id=\"sf-FirstName1\"><label for=\"sf-LastName2\" data-field-source=\"accessibility-label\" style=\"visibility: hidden;height: 0;width:0;position: absolute;\">LastName<\/label><input maxlength=\"50\" class=\"signup-field span12\" readonly=\"readonly\" data-field-type=\"text\" data-field-source=\"LastName\" data-mandatory=\"false\" placeholder=\"Nom\" data-field-validation-msg=\"Ceci n'est pas une valeur valide\" style=\"font-size: 12px; height: 40px; line-height: 12px; font-family: Montserrat; text-align: left;\" type=\"text\" id=\"sf-LastName2\"><\/p>\n<div style=\"font-family: Montserrat;\" class=\"confirm-emails\" data-field-validation-msg=\"Merci d'accepter de recevoir des emails\">\n<div class=\"checkbox ltr\"><label style=\"cursor: auto;\"><input disabled=\"disabled\" type=\"checkbox\"><label class=\"confirm-label dir-label\" style=\"font-family: Montserrat; font-size: 12px; cursor: auto; text-align: left;\">J&rsquo;accepte de recevoir des emails<\/label><\/label><\/div>\n<\/div>\n<\/div>\n<div class=\"bl-padding-columns bl-content-wrapper-columns\" style=\"text-align: center;\">\n<div class=\"bl-block-button-content-wrapper\" style=\"display: block; border-radius: 5px; background-color: #000000;\">\n<div class=\"bl-block-button-content-item-wrapper\" style=\"font-size: 16px; padding: 9px;\">\n<div class=\"bl-block-content-item bl-block-content-item-button bl-content-item-unremovable\" style=\"min-width: 1px; min-height: 16px; display: block; text-align: center; text-decoration: none;\" data-gramm=\"false\"><strong><span style=\"font-family:'Montserrat';\"><span style=\"color: #FFFFFF;\">S&rsquo; inscrire<\/span><\/span><\/strong><\/div><\/div><\/div><\/div>\n<\/div><\/div>\n<\/div>\n<\/div>\n<\/div>\n<\/div>\n<\/div>\n<\/div>\n<\/div><\/div>\n<p>                    <!-- END ZONES CONTAINER -->                <\/div>\n<p>                <!-- END TEMPLATE CONTAINER -->            <\/div>\n<p>            <!-- END TEMPLATE WRAPPER -->        <\/div>\n<p>        <!-- END TEMPLATE MARGIN -->    <\/div>\n<p>    <!-- END TEMPLATE OUTER --><\/div>\n<\/div>\n<p><script type='text\/javascript'>\n\t(function () {\n\t\tvar _atpopq = window._atpopq || (window._atpopq = []);\n\t\twindow._atpopobj = {};\n\t\tif (!_atpopq.loaded) {\n\t\t\tvar v = Math.floor((Math.random() * 1000000) + 1);\n\t\t\tvar atpopjs = document.createElement('script');\n\t\t\tatpopjs.type = 'text\/javascript';\n\t\t\tatpopjs.async = true;\n\t\t\tatpopjs.src = '\/\/cdn-media.web-view.net\/popups\/lib\/v1\/loader.min.js?v=' + v;\n\t\t\tvar s = document.getElementsByTagName('script')[0];\n\t\t\ts.parentNode.insertBefore(atpopjs, s);\n\t\t\t_atpopq.loaded = true;\n\t\t}\n\t\t_atpopq.push(['UserId', 'zzwdwtddcpch']);\n\t\t_atpopq.push(['PopupId', 'dztjpdh8']);\n\t\t_atpopq.push(['IsraelCode', '104']);\n\t\t_atpopq.push(['CountryCode', '74']);\n\t\t_atpopq.push(['IsEmbed', true]);\n\t\t_atpopq.push(['IgnoreMainCss', true]);\n\t\t_atpopq.push(['OnEventCallback', 'handleATPopupEvent']);\n\t})();\n<\/script><br \/>\n<script type=\"text\/javascript\">\n\t\/\/Sample event handler function\n\tfunction handleATPopupEvent(ev,args){\n\t\tswitch(ev){\n\t\t\tcase 'display':\n\t\t\t\t\/\/Do this when the popup is displayed\n\t\t\t\tbreak;\n\t\t\tcase 'close':\n\t\t\t\t\/\/Do this when the popup gets closed by the user\n\t\t\t\tbreak;\n\t\t\tcase 'submit':\n\t\t\t\t\/\/Do this when popup gets submitted and the user doesn't get redirected to a URL\n\t\t\t\tbreak;\n\t\t}\n\t}\n<\/script><br \/>\n<!-- AT Popup END --><\/p>\n","protected":false},"excerpt":{"rendered":"<p>Inscription Newsletter EmailFirstNameLastName J&rsquo;accepte de recevoir des emails S&rsquo; inscrire<\/p>\n","protected":false},"author":1,"featured_media":0,"parent":0,"menu_order":0,"comment_status":"closed","ping_status":"closed","template":"","meta":{"footnotes":""},"class_list":["post-85111","page","type-page","status-publish","hentry"],"yoast_head":"<!-- This site is optimized with the Yoast SEO plugin v27.4 - https:\/\/yoast.com\/product\/yoast-seo-wordpress\/ -->\n<title>Inscription Newsletter - Romain Froquet<\/title>\n<meta name=\"robots\" content=\"index, follow, max-snippet:-1, max-image-preview:large, max-video-preview:-1\" \/>\n<link rel=\"canonical\" href=\"https:\/\/romainfroquet.fr\/index.php\/inscription-newsletter\/\" \/>\n<meta property=\"og:locale\" content=\"fr_FR\" \/>\n<meta property=\"og:type\" content=\"article\" \/>\n<meta property=\"og:title\" content=\"Inscription Newsletter - Romain Froquet\" \/>\n<meta property=\"og:description\" content=\"Inscription Newsletter EmailFirstNameLastName J&rsquo;accepte de recevoir des emails S&rsquo; inscrire\" \/>\n<meta property=\"og:url\" content=\"https:\/\/romainfroquet.fr\/index.php\/inscription-newsletter\/\" \/>\n<meta property=\"og:site_name\" content=\"Romain Froquet\" \/>\n<meta name=\"twitter:card\" content=\"summary_large_image\" \/>\n<meta name=\"twitter:label1\" content=\"Dur\u00e9e de lecture estim\u00e9e\" \/>\n\t<meta name=\"twitter:data1\" content=\"1 minute\" \/>\n<script type=\"application\/ld+json\" class=\"yoast-schema-graph\">{\"@context\":\"https:\\\/\\\/schema.org\",\"@graph\":[{\"@type\":\"WebPage\",\"@id\":\"https:\\\/\\\/romainfroquet.fr\\\/index.php\\\/inscription-newsletter\\\/\",\"url\":\"https:\\\/\\\/romainfroquet.fr\\\/index.php\\\/inscription-newsletter\\\/\",\"name\":\"Inscription Newsletter - Romain Froquet\",\"isPartOf\":{\"@id\":\"https:\\\/\\\/romainfroquet.fr\\\/#website\"},\"datePublished\":\"2025-02-06T11:50:11+00:00\",\"breadcrumb\":{\"@id\":\"https:\\\/\\\/romainfroquet.fr\\\/index.php\\\/inscription-newsletter\\\/#breadcrumb\"},\"inLanguage\":\"fr-FR\",\"potentialAction\":[{\"@type\":\"ReadAction\",\"target\":[\"https:\\\/\\\/romainfroquet.fr\\\/index.php\\\/inscription-newsletter\\\/\"]}]},{\"@type\":\"BreadcrumbList\",\"@id\":\"https:\\\/\\\/romainfroquet.fr\\\/index.php\\\/inscription-newsletter\\\/#breadcrumb\",\"itemListElement\":[{\"@type\":\"ListItem\",\"position\":1,\"name\":\"Accueil\",\"item\":\"https:\\\/\\\/romainfroquet.fr\\\/\"},{\"@type\":\"ListItem\",\"position\":2,\"name\":\"Inscription Newsletter\"}]},{\"@type\":\"WebSite\",\"@id\":\"https:\\\/\\\/romainfroquet.fr\\\/#website\",\"url\":\"https:\\\/\\\/romainfroquet.fr\\\/\",\"name\":\"Romain Froquet\",\"description\":\"est un artiste fran\u00e7ais, n\u00e9 \u00e0 Villeurbanne en 1982. Il vit et travaille \u00e0 Paris. Artiste autodidacte, sa carri\u00e8re artistique s&#039;\u00e9lance en l&#039;an 2000.\",\"publisher\":{\"@id\":\"https:\\\/\\\/romainfroquet.fr\\\/#organization\"},\"potentialAction\":[{\"@type\":\"SearchAction\",\"target\":{\"@type\":\"EntryPoint\",\"urlTemplate\":\"https:\\\/\\\/romainfroquet.fr\\\/?s={search_term_string}\"},\"query-input\":{\"@type\":\"PropertyValueSpecification\",\"valueRequired\":true,\"valueName\":\"search_term_string\"}}],\"inLanguage\":\"fr-FR\"},{\"@type\":\"Organization\",\"@id\":\"https:\\\/\\\/romainfroquet.fr\\\/#organization\",\"name\":\"Romain Froquet\",\"url\":\"https:\\\/\\\/romainfroquet.fr\\\/\",\"logo\":{\"@type\":\"ImageObject\",\"inLanguage\":\"fr-FR\",\"@id\":\"https:\\\/\\\/romainfroquet.fr\\\/#\\\/schema\\\/logo\\\/image\\\/\",\"url\":\"https:\\\/\\\/romainfroquet.fr\\\/wp-content\\\/uploads\\\/2025\\\/01\\\/Signature_rf_180.png\",\"contentUrl\":\"https:\\\/\\\/romainfroquet.fr\\\/wp-content\\\/uploads\\\/2025\\\/01\\\/Signature_rf_180.png\",\"width\":180,\"height\":76,\"caption\":\"Romain Froquet\"},\"image\":{\"@id\":\"https:\\\/\\\/romainfroquet.fr\\\/#\\\/schema\\\/logo\\\/image\\\/\"}}]}<\/script>\n<!-- \/ Yoast SEO plugin. -->","yoast_head_json":{"title":"Inscription Newsletter - Romain Froquet","robots":{"index":"index","follow":"follow","max-snippet":"max-snippet:-1","max-image-preview":"max-image-preview:large","max-video-preview":"max-video-preview:-1"},"canonical":"https:\/\/romainfroquet.fr\/index.php\/inscription-newsletter\/","og_locale":"fr_FR","og_type":"article","og_title":"Inscription Newsletter - Romain Froquet","og_description":"Inscription Newsletter EmailFirstNameLastName J&rsquo;accepte de recevoir des emails S&rsquo; inscrire","og_url":"https:\/\/romainfroquet.fr\/index.php\/inscription-newsletter\/","og_site_name":"Romain Froquet","twitter_card":"summary_large_image","twitter_misc":{"Dur\u00e9e de lecture estim\u00e9e":"1 minute"},"schema":{"@context":"https:\/\/schema.org","@graph":[{"@type":"WebPage","@id":"https:\/\/romainfroquet.fr\/index.php\/inscription-newsletter\/","url":"https:\/\/romainfroquet.fr\/index.php\/inscription-newsletter\/","name":"Inscription Newsletter - Romain Froquet","isPartOf":{"@id":"https:\/\/romainfroquet.fr\/#website"},"datePublished":"2025-02-06T11:50:11+00:00","breadcrumb":{"@id":"https:\/\/romainfroquet.fr\/index.php\/inscription-newsletter\/#breadcrumb"},"inLanguage":"fr-FR","potentialAction":[{"@type":"ReadAction","target":["https:\/\/romainfroquet.fr\/index.php\/inscription-newsletter\/"]}]},{"@type":"BreadcrumbList","@id":"https:\/\/romainfroquet.fr\/index.php\/inscription-newsletter\/#breadcrumb","itemListElement":[{"@type":"ListItem","position":1,"name":"Accueil","item":"https:\/\/romainfroquet.fr\/"},{"@type":"ListItem","position":2,"name":"Inscription Newsletter"}]},{"@type":"WebSite","@id":"https:\/\/romainfroquet.fr\/#website","url":"https:\/\/romainfroquet.fr\/","name":"Romain Froquet","description":"est un artiste fran\u00e7ais, n\u00e9 \u00e0 Villeurbanne en 1982. Il vit et travaille \u00e0 Paris. Artiste autodidacte, sa carri\u00e8re artistique s&#039;\u00e9lance en l&#039;an 2000.","publisher":{"@id":"https:\/\/romainfroquet.fr\/#organization"},"potentialAction":[{"@type":"SearchAction","target":{"@type":"EntryPoint","urlTemplate":"https:\/\/romainfroquet.fr\/?s={search_term_string}"},"query-input":{"@type":"PropertyValueSpecification","valueRequired":true,"valueName":"search_term_string"}}],"inLanguage":"fr-FR"},{"@type":"Organization","@id":"https:\/\/romainfroquet.fr\/#organization","name":"Romain Froquet","url":"https:\/\/romainfroquet.fr\/","logo":{"@type":"ImageObject","inLanguage":"fr-FR","@id":"https:\/\/romainfroquet.fr\/#\/schema\/logo\/image\/","url":"https:\/\/romainfroquet.fr\/wp-content\/uploads\/2025\/01\/Signature_rf_180.png","contentUrl":"https:\/\/romainfroquet.fr\/wp-content\/uploads\/2025\/01\/Signature_rf_180.png","width":180,"height":76,"caption":"Romain Froquet"},"image":{"@id":"https:\/\/romainfroquet.fr\/#\/schema\/logo\/image\/"}}]}},"_links":{"self":[{"href":"https:\/\/romainfroquet.fr\/index.php\/wp-json\/wp\/v2\/pages\/85111","targetHints":{"allow":["GET"]}}],"collection":[{"href":"https:\/\/romainfroquet.fr\/index.php\/wp-json\/wp\/v2\/pages"}],"about":[{"href":"https:\/\/romainfroquet.fr\/index.php\/wp-json\/wp\/v2\/types\/page"}],"author":[{"embeddable":true,"href":"https:\/\/romainfroquet.fr\/index.php\/wp-json\/wp\/v2\/users\/1"}],"replies":[{"embeddable":true,"href":"https:\/\/romainfroquet.fr\/index.php\/wp-json\/wp\/v2\/comments?post=85111"}],"version-history":[{"count":2,"href":"https:\/\/romainfroquet.fr\/index.php\/wp-json\/wp\/v2\/pages\/85111\/revisions"}],"predecessor-version":[{"id":85335,"href":"https:\/\/romainfroquet.fr\/index.php\/wp-json\/wp\/v2\/pages\/85111\/revisions\/85335"}],"wp:attachment":[{"href":"https:\/\/romainfroquet.fr\/index.php\/wp-json\/wp\/v2\/media?parent=85111"}],"curies":[{"name":"wp","href":"https:\/\/api.w.org\/{rel}","templated":true}]}}